{"id":509,"date":"2021-04-01T15:00:58","date_gmt":"2021-04-01T13:00:58","guid":{"rendered":"https:\/\/www.harpune.at\/neu\/?product=andreacute-butzer-galeria-mario-sequeira"},"modified":"2021-04-21T18:00:34","modified_gmt":"2021-04-21T16:00:34","slug":"andreacute-butzer-galeria-mario-sequeira","status":"publish","type":"product","link":"https:\/\/www.harpune.at\/?product=andreacute-butzer-galeria-mario-sequeira","title":{"rendered":"ANDR\u00c9 BUTZER <br>Galeria Mario Sequeira &#8211; Braga"},"content":{"rendered":"<p>Paperback<br \/>\ndrahtgeheftet<br \/>\n40 x 33 cm,<br \/>\n8 Seiten<\/p>\n<p>ISBN 978-3-903348-10-3<\/p>\n<p>Dieses Buch erscheint anl\u00e4sslich der Ausstellung Andr\u00e9 Butzer; Galeria M\u00e1rio Sequeira, Braga 1.4.\u201328.5.2017. Das Buch zeigt in einem komprimierten \u00dcberblick speziell ausgew\u00e4hlte Werke aus den Jahren 2004-2016.<br \/>\nMit einem Text von Steffen Kr\u00fcger, Rangsdorf.<\/p>\n<p>Wien 2017<\/p>\n","protected":false},"excerpt":{"rendered":"<p>ARTIST BOOK<\/p>\n","protected":false},"featured_media":298,"template":"","meta":[],"class_list":{"0":"post-509","1":"product","2":"type-product","3":"status-publish","4":"has-post-thumbnail","6":"product_cat-andr-butzer","7":"product_tag-andre-butzer","8":"product_shipping_class-heavy","10":"first","11":"instock","12":"taxable","13":"shipping-taxable","14":"purchasable","15":"product-type-simple"},"_links":{"self":[{"href":"https:\/\/www.harpune.at\/index.php?rest_route=\/wp\/v2\/product\/509","targetHints":{"allow":["GET"]}}],"collection":[{"href":"https:\/\/www.harpune.at\/index.php?rest_route=\/wp\/v2\/product"}],"about":[{"href":"https:\/\/www.harpune.at\/index.php?rest_route=\/wp\/v2\/types\/product"}],"version-history":[{"count":4,"href":"https:\/\/www.harpune.at\/index.php?rest_route=\/wp\/v2\/product\/509\/revisions"}],"predecessor-version":[{"id":1072,"href":"https:\/\/www.harpune.at\/index.php?rest_route=\/wp\/v2\/product\/509\/revisions\/1072"}],"wp:featuredmedia":[{"embeddable":true,"href":"https:\/\/www.harpune.at\/index.php?rest_route=\/wp\/v2\/media\/298"}],"wp:attachment":[{"href":"https:\/\/www.harpune.at\/index.php?rest_route=%2Fwp%2Fv2%2Fmedia&parent=509"}],"curies":[{"name":"wp","href":"https:\/\/api.w.org\/{rel}","templated":true}]}}