{"id":508,"date":"2021-04-01T15:00:57","date_gmt":"2021-04-01T13:00:57","guid":{"rendered":"https:\/\/www.harpune.at\/neu\/?product=andreacute-butzer-mier-gallery"},"modified":"2021-04-21T18:01:33","modified_gmt":"2021-04-21T16:01:33","slug":"andreacute-butzer-mier-gallery","status":"publish","type":"product","link":"https:\/\/www.harpune.at\/?product=andreacute-butzer-mier-gallery","title":{"rendered":"ANDR\u00c9 BUTZER <br>Mier Gallery"},"content":{"rendered":"<p>Paperback<br \/>\ndrahtgeheftet<br \/>\n40 x 29 cm,<br \/>\n12 Seiten<\/p>\n<p>ISBN 978-3-903348-09-7<\/p>\n<p>Dieses Buch erscheint anl\u00e4sslich der Ausstellung <em>Andr\u00e9 Butzer<\/em>; Mier Gallery, Los Angeles; 26.8.\u20137.10.2017. Andr\u00e9 Butzer zeigt f\u00fcnf neue Gem\u00e4lde aus den Jahren 2016-2017 bei Nino Mier.<\/p>\n<p>Wien 2017<\/p>\n","protected":false},"excerpt":{"rendered":"<p>ARTIST BOOK<\/p>\n","protected":false},"featured_media":302,"template":"","meta":[],"class_list":{"0":"post-508","1":"product","2":"type-product","3":"status-publish","4":"has-post-thumbnail","6":"product_cat-andr-butzer","7":"product_tag-andre-butzer","8":"product_shipping_class-heavy","10":"first","11":"instock","12":"taxable","13":"shipping-taxable","14":"purchasable","15":"product-type-simple"},"_links":{"self":[{"href":"https:\/\/www.harpune.at\/index.php?rest_route=\/wp\/v2\/product\/508","targetHints":{"allow":["GET"]}}],"collection":[{"href":"https:\/\/www.harpune.at\/index.php?rest_route=\/wp\/v2\/product"}],"about":[{"href":"https:\/\/www.harpune.at\/index.php?rest_route=\/wp\/v2\/types\/product"}],"version-history":[{"count":5,"href":"https:\/\/www.harpune.at\/index.php?rest_route=\/wp\/v2\/product\/508\/revisions"}],"predecessor-version":[{"id":1076,"href":"https:\/\/www.harpune.at\/index.php?rest_route=\/wp\/v2\/product\/508\/revisions\/1076"}],"wp:featuredmedia":[{"embeddable":true,"href":"https:\/\/www.harpune.at\/index.php?rest_route=\/wp\/v2\/media\/302"}],"wp:attachment":[{"href":"https:\/\/www.harpune.at\/index.php?rest_route=%2Fwp%2Fv2%2Fmedia&parent=508"}],"curies":[{"name":"wp","href":"https:\/\/api.w.org\/{rel}","templated":true}]}}