{"id":507,"date":"2021-04-01T15:00:56","date_gmt":"2021-04-01T13:00:56","guid":{"rendered":"https:\/\/www.harpune.at\/neu\/?product=andreacute-butzer-und-sah-den-frieden-des-himmels"},"modified":"2021-04-21T19:11:32","modified_gmt":"2021-04-21T17:11:32","slug":"andreacute-butzer-und-sah-den-frieden-des-himmels","status":"publish","type":"product","link":"https:\/\/www.harpune.at\/?product=andreacute-butzer-und-sah-den-frieden-des-himmels","title":{"rendered":"ANDR\u00c9 BUTZER <br>&#8230;und sah den Frieden des Himmels"},"content":{"rendered":"<p>Paperback, 28 x 21 cm1<\/p>\n<p>28 pages<\/p>\n<p>numerous ills. in color<\/p>\n<p>ISBN 978-3-902835-46-8<\/p>\n<p>Andr\u00e9 Butzer is showing a selection of his works on the first floor of the Neues Schloss (New Castle) in Ingolstadt. The impressive rooms also contain selected exhibits from the museum, which were chosen together with the artist. The publication is a documentation of this wonderful exhibition.<\/p>\n<p>Das Bayerische Armeemuseum zeigt vom 11. Dezember 2016 bis 26. M\u00e4rz 2017 Werke des K\u00fcnstlers Andr\u00e9 Butzer. Die Er\u00f6ffnung findet am Samstag, den 10. Dezember 2016, 16.00 Uhr, statt. Sie ist \u00f6ffentlich.<br \/>\nDie Ausstellung tr\u00e4gt den Titel \u201e&#8230; und sah den Frieden des Himmels\u201c. Es handelt sich um ein Zitat aus Friedrich H\u00f6lderlins \u201eHyperion\u201c, das die Ausstellung genau und auf eine \u00fcberraschende Weise beschreibt. Die Schau findet im ersten Geschoss des Neuen Schlosses in Ingolstadt statt. Dessen beeindruckende R\u00e4ume treten im Rahmen der Ausstellung neu in Erscheinung. Sie werden auch mit einigen, bisher nie gezeigten Ausstellungsst\u00fccken des Museums bespielt sein. Diese Objekte wurden in Zusammenarbeit mit dem K\u00fcnstler aus der Sammlung eigens ausgew\u00e4hlt.<\/p>\n<p>\u2022 Editor: Ansgar Rei\u00df<\/p>\n<p>\u2022 Text: Tom Biber, Friedrich H\u00f6lderlin, Sarah Lorenz, Ansgar Rei\u00df, Dieter Storz<\/p>\n<p>\u2022 Photography: Steffen Kr\u00fcger<\/p>\n<p>\u2022 Design: Martin Steiner<\/p>\n<p>\u2022 Language: German<\/p>\n","protected":false},"excerpt":{"rendered":"<p>ARTIST BOOK<\/p>\n","protected":false},"featured_media":301,"template":"","meta":[],"class_list":{"0":"post-507","1":"product","2":"type-product","3":"status-publish","4":"has-post-thumbnail","6":"product_cat-andr-butzer","7":"product_tag-andre-butzer","8":"product_shipping_class-heavy","10":"first","11":"instock","12":"taxable","13":"shipping-taxable","14":"purchasable","15":"product-type-simple"},"_links":{"self":[{"href":"https:\/\/www.harpune.at\/index.php?rest_route=\/wp\/v2\/product\/507","targetHints":{"allow":["GET"]}}],"collection":[{"href":"https:\/\/www.harpune.at\/index.php?rest_route=\/wp\/v2\/product"}],"about":[{"href":"https:\/\/www.harpune.at\/index.php?rest_route=\/wp\/v2\/types\/product"}],"version-history":[{"count":5,"href":"https:\/\/www.harpune.at\/index.php?rest_route=\/wp\/v2\/product\/507\/revisions"}],"predecessor-version":[{"id":1086,"href":"https:\/\/www.harpune.at\/index.php?rest_route=\/wp\/v2\/product\/507\/revisions\/1086"}],"wp:featuredmedia":[{"embeddable":true,"href":"https:\/\/www.harpune.at\/index.php?rest_route=\/wp\/v2\/media\/301"}],"wp:attachment":[{"href":"https:\/\/www.harpune.at\/index.php?rest_route=%2Fwp%2Fv2%2Fmedia&parent=507"}],"curies":[{"name":"wp","href":"https:\/\/api.w.org\/{rel}","templated":true}]}}