{"id":506,"date":"2021-04-01T15:00:55","date_gmt":"2021-04-01T13:00:55","guid":{"rendered":"https:\/\/www.harpune.at\/neu\/?product=andreacute-butzer-butzer"},"modified":"2021-05-05T16:01:20","modified_gmt":"2021-05-05T14:01:20","slug":"andreacute-butzer-butzer","status":"publish","type":"product","link":"https:\/\/www.harpune.at\/?product=andreacute-butzer-butzer","title":{"rendered":"ANDR\u00c9 BUTZER <br>BUTZER"},"content":{"rendered":"<p><em>Hardcover<br \/>\n<\/em><em>33,5 x 23,5 cm<br \/>\n24 pages<br \/>\n10 illustrations in color<\/em><\/p>\n<p><em>ISBN: 978-3-903348-11-0<\/em><\/p>\n<p><em>Edited by Christian Malycha &amp; Josef Zekoff<br \/>\nDesign by Studio Martin Steiner<\/em><\/p>\n<p><em>\u00bbGolden women \u203aafter\u2039 N?\u00ab<br \/>\nThe new artist book by Andr\u00e9 Butzer brings together ten large-scale paintings, ten colourous and expressive images of women. Each of them poses the crucial question: What remains in actual fact, after representation and figure, colour and expression have already vanished?<br \/>\n<\/em><br \/>\n<em>Vienna 2017<\/em><\/p>\n<p>________________________________________________________________<\/p>\n<p>&nbsp;<\/p>\n<p>Hardcover<br \/>\n33,5 x 23,5 cm<br \/>\n24 Seiten<br \/>\n10 farbige Abbildungen<\/p>\n<p>ISBN: 978-3-903348-11-0<\/p>\n<p>Herausgegeben von Christian Malycha &amp; Josef Zekoff<br \/>\nGestaltung von Studio Martin Steiner<br \/>\n\u00bbGoldene Frauen \u203anach\u2039 N?\u00ab<br \/>\nDas K\u00fcnstlerbuch von Andr\u00e9 Butzer zeigt zehn gro\u00dfe, farbeintensive und ausdrucksstarke Malereien von Frauen. Jede von ihnen stellt die entscheidende Frage: Was bleibt wenn Darstellung und Figur, Farbe und Ausdruck schon verschwunden sind?Wien 2017<\/p>\n","protected":false},"excerpt":{"rendered":"<p>ARTIST BOOK<\/p>\n","protected":false},"featured_media":299,"template":"","meta":[],"class_list":{"0":"post-506","1":"product","2":"type-product","3":"status-publish","4":"has-post-thumbnail","6":"product_cat-andr-butzer","7":"product_tag-andre-butzer","8":"product_shipping_class-heavy","10":"first","11":"instock","12":"taxable","13":"shipping-taxable","14":"purchasable","15":"product-type-simple"},"_links":{"self":[{"href":"https:\/\/www.harpune.at\/index.php?rest_route=\/wp\/v2\/product\/506","targetHints":{"allow":["GET"]}}],"collection":[{"href":"https:\/\/www.harpune.at\/index.php?rest_route=\/wp\/v2\/product"}],"about":[{"href":"https:\/\/www.harpune.at\/index.php?rest_route=\/wp\/v2\/types\/product"}],"version-history":[{"count":5,"href":"https:\/\/www.harpune.at\/index.php?rest_route=\/wp\/v2\/product\/506\/revisions"}],"predecessor-version":[{"id":1418,"href":"https:\/\/www.harpune.at\/index.php?rest_route=\/wp\/v2\/product\/506\/revisions\/1418"}],"wp:featuredmedia":[{"embeddable":true,"href":"https:\/\/www.harpune.at\/index.php?rest_route=\/wp\/v2\/media\/299"}],"wp:attachment":[{"href":"https:\/\/www.harpune.at\/index.php?rest_route=%2Fwp%2Fv2%2Fmedia&parent=506"}],"curies":[{"name":"wp","href":"https:\/\/api.w.org\/{rel}","templated":true}]}}