{"id":205,"date":"1970-01-01T00:00:00","date_gmt":"1969-12-31T23:00:00","guid":{"rendered":"https:\/\/www.harpune.at\/neu\/?product=jonathan-meese-zeichnungen-drawings-dr-no-zeichnet"},"modified":"2021-04-23T19:28:41","modified_gmt":"2021-04-23T17:28:41","slug":"jonathan-meese-zeichnungen-drawings-dr-no-zeichnet","status":"publish","type":"product","link":"https:\/\/www.harpune.at\/?product=jonathan-meese-zeichnungen-drawings-dr-no-zeichnet","title":{"rendered":"JONATHAN MEESE <br>Zeichnungen\/ Drawings <br>(DR. NO ZEICHNET DEINE KRIEGSANLEIHEN (privat), DR. SPOCK evolutioniert&#8230;)"},"content":{"rendered":"<p>Dieses Buch versammelt eine repr\u00e4sentative Auswahl bisher unver\u00f6ffentlichten Zeichnungen von Jonathan Meese, aus allen Phasen seiner k\u00fcnstlerischen Aktivit\u00e4t und bietet so einen spannenden Einblick in sein zeichnerisches Werk. Der im Buch enthaltene Essay &#8220;Dr. No Private Meese und die Masken der Geschichte&#8221; von Roberto Ohrt befasst sich erstmals ausf\u00fchrlich mit den Anfeindungen, denen der K\u00fcnstler in der deutschen \u00d6ffentlichkeit in den letzten Jahren ausgesetzt war; sie hatten 2013 sogar zu einer Anklage gef\u00fchrt \u2013 einer Anklage die dem K\u00fcnstler eine Sympathie mit genau jener Geschichte vorzuwerfen versuchte, die er in seinen Performances und seiner Kunst wie kaum ein anderer in Deutschland attackiert.<\/p>\n<p>Jonathan Meese<\/p>\n<p>Zeichnungen \/ Drawings<\/p>\n<p>&#8220;DR. NO ZEICHNET DEINE KRIEGSANLEIHEN (privat), DR. SPOCK evolutioniert&#8230;&#8221;<\/p>\n<p>64 Seiten<br \/>\n19,3 x 25,4 cm<br \/>\nmit einem Essay von Roberto Ohrt<br \/>\ndeutsch \/ englisch<br \/>\n2015<\/p>\n<p>ISBN 978-3-902835-34-5<\/p>\n<p>Anl\u00e4sslich einer Ausstellung im 8. Salon 2015 in Hamburg\/St.Pauli.<\/p>\n<p>VORZUGSAUSGABE<\/p>\n<p>Zeichnungen \/ Drawings<\/p>\n<p>&#8220;DR. NO ZEICHNET DEINE KRIEGSANLEIHEN (privat), DR. SPOCK evolutioniert&#8230;&#8221;<\/p>\n<p>Edition von 15 + 3 A.P.<br \/>\nS\/W Fotographie auf Barytpapier<br \/>\nBuch und Fotographie \u00fcberarbeitet<br \/>\nin einer signierten und nummerierten<br \/>\nGraukartonschachtel<\/p>\n","protected":false},"excerpt":{"rendered":"<p>ARTIST BOOK<\/p>\n","protected":false},"featured_media":305,"template":"","meta":[],"class_list":{"0":"post-205","1":"product","2":"type-product","3":"status-publish","4":"has-post-thumbnail","6":"product_cat-artists","7":"product_cat-jonathan-meese-artists","8":"product_tag-jonathan-meese","9":"product_shipping_class-heavy","11":"first","12":"instock","13":"taxable","14":"shipping-taxable","15":"purchasable","16":"product-type-simple"},"_links":{"self":[{"href":"https:\/\/www.harpune.at\/index.php?rest_route=\/wp\/v2\/product\/205","targetHints":{"allow":["GET"]}}],"collection":[{"href":"https:\/\/www.harpune.at\/index.php?rest_route=\/wp\/v2\/product"}],"about":[{"href":"https:\/\/www.harpune.at\/index.php?rest_route=\/wp\/v2\/types\/product"}],"version-history":[{"count":4,"href":"https:\/\/www.harpune.at\/index.php?rest_route=\/wp\/v2\/product\/205\/revisions"}],"predecessor-version":[{"id":1088,"href":"https:\/\/www.harpune.at\/index.php?rest_route=\/wp\/v2\/product\/205\/revisions\/1088"}],"wp:featuredmedia":[{"embeddable":true,"href":"https:\/\/www.harpune.at\/index.php?rest_route=\/wp\/v2\/media\/305"}],"wp:attachment":[{"href":"https:\/\/www.harpune.at\/index.php?rest_route=%2Fwp%2Fv2%2Fmedia&parent=205"}],"curies":[{"name":"wp","href":"https:\/\/api.w.org\/{rel}","templated":true}]}}