{"id":204,"date":"1970-01-01T00:00:00","date_gmt":"1969-12-31T23:00:00","guid":{"rendered":"https:\/\/www.harpune.at\/neu\/?product=jonathan-meese-mondparsifal"},"modified":"2025-03-11T19:30:14","modified_gmt":"2025-03-11T18:30:14","slug":"jonathan-meese-mondparsifal","status":"publish","type":"product","link":"https:\/\/www.harpune.at\/?product=jonathan-meese-mondparsifal","title":{"rendered":"JONATHAN MEESE <br>Mondparsifal"},"content":{"rendered":"<p><em>MONDPARSIFAL<\/em><\/p>\n<p><em>Artist Book in two parts<\/em><br \/>\n<em>format 34,5 x 47 cm \/ 13.6 x 18.5 inch 18 woodcuts, 15 relief prints<\/em><br \/>\n<em>and 92 collages &#8211;<\/em><br \/>\n<em>partially overworked by Jonathan Meese<\/em><br \/>\n<em>edition of 20,<\/em><br \/>\n<em>signed and numbered 1 \u2013 20 + 3 A.P.<\/em><\/p>\n<p><em>suite of 4 includes all 28 original prints on 34 g Japan paper<\/em><br \/>\n<em>signed and numbered i \u2013 iV + 2 A.P.<\/em><\/p>\n<p><em>both parts are combined in a silk screen printed folder bound in clouded marble and packed in a silk screen printed grey board box<\/em><\/p>\n<p><em>the woodcuts, drawings and collages were created between June and september 2017 and were printed by Sarah Bogner\/Neue Satz Wien in Vienna in 2017.<\/em><\/p>\n<p><em>This Artist Book is published on the occasion of Jonathan Meese\u2019s staging of the opera \u2018Parsifal\u2019 \u2013 \u201eMONDPARSIFAL ALPHA 1 \u2013 8 (ERZMUTTERZ DER ABWERZ)\u201c, during the wiener festwochen in June 2017 and \u201eMONDPARSIFAL BETA 9 \u201313 (VON EINEM, DER AUSZOG DEN \u201cWAGNERIANERN DES GRAUENS\u201d DAS \u201cGEILSTGRUSELN\u201d ZU ERZLEHREN&#8230;)\u201c at Berliner festspiele\/immersion in october 2017.<\/em><\/p>\n<p>_________________________________________________________________<\/p>\n<p>&nbsp;<\/p>\n<p>MONDPARSIFAL<\/p>\n<p>zweiteiliges K\u00fcnstlerbuch<br \/>\nim Format 34,5 x 47 cm<br \/>\n18 holzschnitte, 15 Klischeedrucke<br \/>\nund 92 kopierte Collagen &#8211; teilweise mit Zeichnungen und Collagen \u00fcberarbeitet<\/p>\n<p>in einer Auflage von 20 arabisch nummerierten und signierten Exemplaren + 3 A.P.<\/p>\n<p>vier weitere Exemplare enthalten zus\u00e4tzlich<br \/>\neine Suite von allen 28 Einzelgrafiken<br \/>\nauf 34g Japanpapier,<br \/>\nsigniert und r\u00f6misch nummeriert von I \u2013 IV + 2 a.P.<\/p>\n<p>beide Teile sind in einer im Siebdruck bedrucken Mappe aus Wolkenmarmor zusammengefasst und in einer bedruckten Graukartonkassette verpackt.<\/p>\n<p>die Holzschnitte, Zeichnungen und Collagen entstanden zwischen Juni und September 2016 in Berlin und wurden 2017 von Sarah Bogner\/ Neue Satz Wien in Wien gedruckt.<\/p>\n<p>In \u00bbMondparsifal\u00ab zeigt Jonathan Meese eindrucksvoll seine k\u00fcnstlerische Auseinandersetzung mit der ber\u00fchmt-ber\u00fcchtigten letzten Wagneroper. In kr\u00e4ftigen neuen Holzschnitten, Collagen und Zeichnungen verarbeitet er die Figurenwelt Wagners zu seinem eigenen mythologischen Kunstkosmos und zeigt Parsifal, Kundry und Co. zwischen Zardoz, Wickerman und Humpty Dumpty auf einer zuk\u00fcnftigen Mondbasis!<\/p>\n","protected":false},"excerpt":{"rendered":"<p>ARTIST BOOK original prints<\/p>\n","protected":false},"featured_media":303,"template":"","meta":[],"class_list":{"0":"post-204","1":"product","2":"type-product","3":"status-publish","4":"has-post-thumbnail","6":"product_cat-artists","7":"product_cat-editions","8":"product_cat-jonathan-meese-artists","9":"product_tag-jonathan-meese","10":"product_shipping_class-heavy","12":"first","13":"instock","14":"taxable","15":"shipping-taxable","16":"product-type-simple"},"_links":{"self":[{"href":"https:\/\/www.harpune.at\/index.php?rest_route=\/wp\/v2\/product\/204","targetHints":{"allow":["GET"]}}],"collection":[{"href":"https:\/\/www.harpune.at\/index.php?rest_route=\/wp\/v2\/product"}],"about":[{"href":"https:\/\/www.harpune.at\/index.php?rest_route=\/wp\/v2\/types\/product"}],"version-history":[{"count":5,"href":"https:\/\/www.harpune.at\/index.php?rest_route=\/wp\/v2\/product\/204\/revisions"}],"predecessor-version":[{"id":1432,"href":"https:\/\/www.harpune.at\/index.php?rest_route=\/wp\/v2\/product\/204\/revisions\/1432"}],"wp:featuredmedia":[{"embeddable":true,"href":"https:\/\/www.harpune.at\/index.php?rest_route=\/wp\/v2\/media\/303"}],"wp:attachment":[{"href":"https:\/\/www.harpune.at\/index.php?rest_route=%2Fwp%2Fv2%2Fmedia&parent=204"}],"curies":[{"name":"wp","href":"https:\/\/api.w.org\/{rel}","templated":true}]}}