{"id":202,"date":"2021-04-01T15:01:00","date_gmt":"2021-04-01T13:01:00","guid":{"rendered":"https:\/\/www.harpune.at\/neu\/?product=georg-baselitz-amp-albert-oehlen-georg-baselitz-albert-oehlen"},"modified":"2021-04-21T17:46:03","modified_gmt":"2021-04-21T15:46:03","slug":"georg-baselitz-amp-albert-oehlen-georg-baselitz-albert-oehlen","status":"publish","type":"product","link":"https:\/\/www.harpune.at\/?product=georg-baselitz-amp-albert-oehlen-georg-baselitz-albert-oehlen","title":{"rendered":"GEORG BASELITZ &#038; ALBERT OEHLEN <br>Georg Baselitz \/ Albert Oehlen"},"content":{"rendered":"<p>Christian Malycha (Hg.)<br \/>\n72 Seiten<br \/>\nLeinen\/Hardcover<br \/>\nHochformat 30 x 24 cm<br \/>\nmit einem ausf\u00fchrlichen Gespr\u00e4ch zwischen Albert Oehlen und Georg Baselitz (deut.\/engl.)<br \/>\nund zahlreichen Abbildungen<br \/>\nHarpune Verlag, Wien 2016<br \/>\nISBN 978-3-902835-41-3<\/p>\n<p>Anl\u00e4sslich der Ausstellung \u201eGeorg Baselitz Albert Oehlen\u201c im KV Reutlingen vom 25. September 2016 \u2013 15. J\u00e4nner 2017 erscheint eine Edition und ein Katalog mit einem ausf\u00fchrlichen Gespr\u00e4ch zwischen Albert Oehlen und Georg Baselitz im Harpune Verlag.<br \/>\nDie gemeinsame Ausstellung von Georg Baselitz, geboren 1938, und Albert Oehlen, geboren 1954, ist eine Premiere. Und, wie beide einm\u00fctig bekennen, \u00bbein richtiges Gl\u00fcck\u00ab dazu!<br \/>\nDoch treffen nicht einfach blo\u00df zwei der international bekanntesten und seit Jahrzehnten pr\u00e4gendsten Maler aufeinander. Vielmehr haben sich Georg Baselitz und Albert Oehlen mit eben so viel Freude wie Mut zu einer unmittelbaren Gegen\u00fcberstellung entschlossen und zeigen in Reutlingen jeweils ganz aktuelle Werkserien.<br \/>\nZu sehen sind 12 gro\u00dfformatige, zumeist f\u00fcr den Kunstverein entstandene Gem\u00e4lde, sechs von Georg Baselitz und sechs von Albert Oehlen. Womit sowohl die Ausstellung als auch der Katalog die einmalige Gelegenheit bieten, den visuellen Dialog zweier K\u00fcnstlerpers\u00f6nlichkeiten zu erleben und an ihrer die Generationen \u00fcbergreifenden Auseinandersetzung, Infragestellung und ungebrochenen Erneuerung der Malerei teilzunehmen.<br \/>\nDar\u00fcber hinaus enth\u00e4lt das Buch ein umfangreiches Gespr\u00e4ch zwischen Georg Baselitz und Albert Oehlen \u00fcber ihre Anf\u00e4nge, Freiheit und Einsamkeit, die M\u00f6glichkeit von Malerei zwischen Vergangenheit und Gegenwart wie auch \u00fcber ihre individuellen k\u00fcnstlerischen Positionen und unerwartete Gemeinsamkeiten.<\/p>\n","protected":false},"excerpt":{"rendered":"<p>ARTIST BOOK<\/p>\n","protected":false},"featured_media":296,"template":"","meta":[],"class_list":{"0":"post-202","1":"product","2":"type-product","3":"status-publish","4":"has-post-thumbnail","6":"product_cat-albert-oehlen","7":"product_cat-editions","8":"product_cat-georg-baselitz-artists","9":"product_tag-albert-oehlen","10":"product_tag-georg-baselitz","11":"product_shipping_class-heavy","13":"first","14":"instock","15":"taxable","16":"shipping-taxable","17":"purchasable","18":"product-type-simple"},"_links":{"self":[{"href":"https:\/\/www.harpune.at\/index.php?rest_route=\/wp\/v2\/product\/202","targetHints":{"allow":["GET"]}}],"collection":[{"href":"https:\/\/www.harpune.at\/index.php?rest_route=\/wp\/v2\/product"}],"about":[{"href":"https:\/\/www.harpune.at\/index.php?rest_route=\/wp\/v2\/types\/product"}],"version-history":[{"count":4,"href":"https:\/\/www.harpune.at\/index.php?rest_route=\/wp\/v2\/product\/202\/revisions"}],"predecessor-version":[{"id":1038,"href":"https:\/\/www.harpune.at\/index.php?rest_route=\/wp\/v2\/product\/202\/revisions\/1038"}],"wp:featuredmedia":[{"embeddable":true,"href":"https:\/\/www.harpune.at\/index.php?rest_route=\/wp\/v2\/media\/296"}],"wp:attachment":[{"href":"https:\/\/www.harpune.at\/index.php?rest_route=%2Fwp%2Fv2%2Fmedia&parent=202"}],"curies":[{"name":"wp","href":"https:\/\/api.w.org\/{rel}","templated":true}]}}