{"id":196,"date":"2021-04-01T15:00:54","date_gmt":"2021-04-01T13:00:54","guid":{"rendered":"https:\/\/www.harpune.at\/neu\/?product=tal-r-egyptian-boy"},"modified":"2021-04-21T20:02:53","modified_gmt":"2021-04-21T18:02:53","slug":"tal-r-egyptian-boy","status":"publish","type":"product","link":"https:\/\/www.harpune.at\/?product=tal-r-egyptian-boy","title":{"rendered":"TAL R <br>Egyptian Boy"},"content":{"rendered":"<p>in einer Edition von 500 Exemplaren.<br \/>\n60 Seiten, Offset, 16,5 x 21cm, fadengebunden<\/p>\n<p>ISBN 978-3-903348-03-5<\/p>\n<p><em>Egyptian Boy<\/em> ist ein Faksimile des Notitzbuchs an dem Tal R die letzten drei Jahre gearbeitet hat. Er besch\u00e4ftigt sich darin mit dem in Scherben und Teile zerbrochenen K\u00f6rper; Nase F\u00fc\u00dfe Knie, H\u00fcften, Genitalien, Hals, Arme und so weiter. Ein K\u00f6rper der f\u00fcr eine Sekunde ganz war, und dann f\u00fcr tausend Sekunden zerbrochen ist.<br \/>\nDer <em>Egyptian Boy<\/em> ist die Basis f\u00fcr eine Gruppe von Keramikskulpturen die \u00fcber diese drei Jahre entstanden sind, und ab dem 23. M\u00e4rz 2013 zum ersten Mal in der Contemporary Fine Arts Berlin zu sehen sind.<\/p>\n","protected":false},"excerpt":{"rendered":"<p>ARTIST BOOK<\/p>\n","protected":false},"featured_media":307,"template":"","meta":[],"class_list":{"0":"post-196","1":"product","2":"type-product","3":"status-publish","4":"has-post-thumbnail","6":"product_cat-tal-r-artists","7":"product_tag-tal-r","8":"product_shipping_class-heavy","10":"first","11":"instock","12":"taxable","13":"shipping-taxable","14":"purchasable","15":"product-type-simple"},"_links":{"self":[{"href":"https:\/\/www.harpune.at\/index.php?rest_route=\/wp\/v2\/product\/196","targetHints":{"allow":["GET"]}}],"collection":[{"href":"https:\/\/www.harpune.at\/index.php?rest_route=\/wp\/v2\/product"}],"about":[{"href":"https:\/\/www.harpune.at\/index.php?rest_route=\/wp\/v2\/types\/product"}],"version-history":[{"count":4,"href":"https:\/\/www.harpune.at\/index.php?rest_route=\/wp\/v2\/product\/196\/revisions"}],"predecessor-version":[{"id":1165,"href":"https:\/\/www.harpune.at\/index.php?rest_route=\/wp\/v2\/product\/196\/revisions\/1165"}],"wp:featuredmedia":[{"embeddable":true,"href":"https:\/\/www.harpune.at\/index.php?rest_route=\/wp\/v2\/media\/307"}],"wp:attachment":[{"href":"https:\/\/www.harpune.at\/index.php?rest_route=%2Fwp%2Fv2%2Fmedia&parent=196"}],"curies":[{"name":"wp","href":"https:\/\/api.w.org\/{rel}","templated":true}]}}