{"id":194,"date":"2021-04-01T15:00:52","date_gmt":"2021-04-01T13:00:52","guid":{"rendered":"https:\/\/www.harpune.at\/neu\/?product=tal-r-deafinstitue"},"modified":"2021-05-05T15:58:21","modified_gmt":"2021-05-05T13:58:21","slug":"tal-r-deafinstitue","status":"publish","type":"product","link":"https:\/\/www.harpune.at\/?product=tal-r-deafinstitue","title":{"rendered":"TAL R <br>Deafinstitue"},"content":{"rendered":"<p><em>108 pages<\/em><br \/>\n<em>34,5 x 17 cm<\/em><br \/>\n<em>104 illustrations in colour<\/em><br \/>\n<em>hardcover<\/em><br \/>\n<em>half-linen binding<\/em><\/p>\n<p><em>Design by Ernst Georg K\u00fchle\/ K\u00fchle und Mozer<\/em><\/p>\n<p><em>ISBN 978-3-903348-12-7<\/em><\/p>\n<p><em>Deafinstitute \u2013 a highly personal and poetic work \u2013 consists of 99 large drawn and painted collages in upright format, hung in a giant labyrinth in the Hall Gallery. The collages show all sorts of signs, words \u2013 and sometimes whole sentences \u2013 mixed with recognizable fragments from earlier works. Shown at the exhibition &#8220;Academy of Tal R&#8221; at Louisiana Museum<\/em><\/p>\n<p>_________________________________________________________________<\/p>\n<p>&nbsp;<\/p>\n<p>108 Seiten<br \/>\n34,5 x 17 cm<br \/>\n104 ganzseitige Abbildungen in Farbe<br \/>\nHardcover<br \/>\nHalbleinen<\/p>\n<p>Gestaltet von Ernst Georg K\u00fchle\/ K\u00fchle und Mozer<\/p>\n<p>ISBN 978-3-903348-12-7<\/p>\n<p>Deafiinstitute &#8211; eine sehr pers\u00f6nliche und poetische Arbeit von Tal R besteht aus 99 gro\u00dfen gezeichneten und gemalten Collagen im Hochformat, die geh\u00e4ngt als ein gigantisches Labyrinth in der Ausstellung &#8220;Academy of Tal R&#8221; im Louisiana Museum zu sehen waren.<\/p>\n","protected":false},"excerpt":{"rendered":"<p>ISBN 978-3-903348-12-7<\/p>\n","protected":false},"featured_media":306,"template":"","meta":[],"class_list":{"0":"post-194","1":"product","2":"type-product","3":"status-publish","4":"has-post-thumbnail","6":"product_cat-tal-r-artists","7":"product_tag-tal-r","8":"product_shipping_class-heavy","10":"first","11":"instock","12":"taxable","13":"shipping-taxable","14":"purchasable","15":"product-type-simple"},"_links":{"self":[{"href":"https:\/\/www.harpune.at\/index.php?rest_route=\/wp\/v2\/product\/194","targetHints":{"allow":["GET"]}}],"collection":[{"href":"https:\/\/www.harpune.at\/index.php?rest_route=\/wp\/v2\/product"}],"about":[{"href":"https:\/\/www.harpune.at\/index.php?rest_route=\/wp\/v2\/types\/product"}],"version-history":[{"count":6,"href":"https:\/\/www.harpune.at\/index.php?rest_route=\/wp\/v2\/product\/194\/revisions"}],"predecessor-version":[{"id":1421,"href":"https:\/\/www.harpune.at\/index.php?rest_route=\/wp\/v2\/product\/194\/revisions\/1421"}],"wp:featuredmedia":[{"embeddable":true,"href":"https:\/\/www.harpune.at\/index.php?rest_route=\/wp\/v2\/media\/306"}],"wp:attachment":[{"href":"https:\/\/www.harpune.at\/index.php?rest_route=%2Fwp%2Fv2%2Fmedia&parent=194"}],"curies":[{"name":"wp","href":"https:\/\/api.w.org\/{rel}","templated":true}]}}