{"id":1307,"date":"2021-04-23T18:41:26","date_gmt":"2021-04-23T16:41:26","guid":{"rendered":"https:\/\/www.harpune.at\/?post_type=product&#038;p=1307"},"modified":"2021-05-05T16:01:59","modified_gmt":"2021-05-05T14:01:59","slug":"andreas-breunig-inscrutable-glade-cleaning-projects-full-circle","status":"publish","type":"product","link":"https:\/\/www.harpune.at\/?product=andreas-breunig-inscrutable-glade-cleaning-projects-full-circle","title":{"rendered":"Andreas Breunig <br>inscrutable glade &#038; cleaning projects (Full Circle)"},"content":{"rendered":"<p><em>32 pages &#8211; Giant Leporello<\/em><br \/>\n<em>32 x 21,5 cm<\/em><br \/>\n<em>Editor: B\u00e4rbel Gr\u00e4sslin<\/em><br \/>\n<em>Text: Marlene A. Schenk (engl.\/deut.)<\/em><br \/>\n<em>Design: Studio Martin Steiner<\/em><br \/>\n<em>Translation: Alexander Serner<\/em><\/p>\n<p><em>ISBN 978-3-902835-68-0<\/em><br \/>\n<em>2021<\/em><\/p>\n<p>&nbsp;<\/p>\n<p>&nbsp;<\/p>\n<div class=\"QmZWSe\">\n<div class=\"DHcWmd\"><em>On the occasion of the exhibition<\/em><\/div>\n<div><em>ANDREAS BREUNIG &#8220;inscrutable glade &amp; cleaning projects (Full Circle)&#8221;<\/em><\/div>\n<div><em>Galerie B\u00e4rbel Gr\u00e4sslin, Frankfurt am Main, Germany<\/em><\/div>\n<div><em>April 16 &#8211; May 22, 2021<\/em><\/div>\n<\/div>\n<div>_________________________________________________________________<\/div>\n<div><\/div>\n<div>\n<p>Andreas Breunigs \u201einscrutable glade &amp; cleaning projects (Full Circle)\u201c ist ein aufwendig gestaltetes K\u00fcnstlerbuch. Gebunden als zweifacher Leporello entfaltet es auf einer Breite von 345 cm 16 Gem\u00e4lde. Eine raumgreifende Publikation, die kongenial die friesartige Installation der gleichnamigen Einzelausstellung in der Galerie B\u00e4rbel Gr\u00e4sslin (16. April \u2013 22. Mai 2021) in Buchform \u00fcbersetzt.<\/p>\n<p>Unvermittelt befindet man sich mitten im Raum der Bilder. Kein Hauptwerk, keine Chronologie, kein Zentrum. Mit immer neuen Ans\u00e4tzen befragt Breunig sein malerisches Vokabular. Alles, was zuvor \u203aBild\u2039 war, ist von den Leinw\u00e4nden verbannt. Assoziationen, Sehgewohnheiten, Motive sind ausgel\u00f6scht. Man sieht, \u00bbetwas\u00ab, wie Marlene A. Schenk schreibt, \u00bbdas da ist, ohne wirklich da zu sein\u00ab.<\/p>\n<p>Eine Malerei aus Resten. Den \u00fcbriggebliebenen und fragw\u00fcrdig gewordenen Resten des 20. Jahrhunderts. Diese generieren dennoch unentwegt neue Bilder. Doch sind die ausgestellten Gesten artifiziell und was spontan erscheint, ist konstruiert und analytisch. Andreas Breunig inszeniert die Malerei als ununterbrochene Reihung und Permutation von \u00fcberkommenen Symbolen, die als Rest- oder Antiformen in immer neuen Zusammensetzungen ein abbildloses Spiel beginnen.<\/p>\n<p>Andreas Breunig, geboren 1983, studierte von 2002 bis 2008 an der Kunstakademie D\u00fcsseldorf in der Klasse von Albert Oehlen. Ausgew\u00e4hlte Einzel- und Gruppenausstellungen: Deichtorhallen, Hamburg. Galerie B\u00e4rbel Gr\u00e4sslin, Frankfurt am Main. Knust Kunz, M\u00fcnchen. Kunstraum Acapulco, D\u00fcsseldorf. Kunstmuseum Bonn. Kunstmuseum Wiesbaden. Kunstsammlung Chemnitz. Kunstverein Heppenheim. Kunstverein Reutlingen. Nino Mier Gallery, Los Angeles. Prince of Wales, M\u00fcnchen. Resy Muijsers, Tilburg. Villa de Bank, Enschede. Warhus Rittershaus, K\u00f6ln.<\/p>\n<p>&nbsp;<\/p>\n<p>32 Seiten &#8211; gigantisches Leporello<br \/>\n32 x 21,5 cm<br \/>\nHerausgeberin: B\u00e4rbel Gr\u00e4sslin<br \/>\nText: Marlene A. Schenk (engl.\/deut.)<br \/>\nDesign: Studio Martin Steiner<br \/>\n\u00dcbersetzung: Alexander Serner<\/p>\n<p>ISBN 978-3-902835-68-0<br \/>\n2021<\/p>\n<\/div>\n","protected":false},"excerpt":{"rendered":"<p>ARTIST BOOK<\/p>\n","protected":false},"featured_media":837,"template":"","meta":[],"class_list":{"0":"post-1307","1":"product","2":"type-product","3":"status-publish","4":"has-post-thumbnail","6":"product_cat-andreas-breunig","7":"product_shipping_class-heavy","9":"first","10":"instock","11":"taxable","12":"shipping-taxable","13":"purchasable","14":"product-type-simple"},"_links":{"self":[{"href":"https:\/\/www.harpune.at\/index.php?rest_route=\/wp\/v2\/product\/1307","targetHints":{"allow":["GET"]}}],"collection":[{"href":"https:\/\/www.harpune.at\/index.php?rest_route=\/wp\/v2\/product"}],"about":[{"href":"https:\/\/www.harpune.at\/index.php?rest_route=\/wp\/v2\/types\/product"}],"version-history":[{"count":6,"href":"https:\/\/www.harpune.at\/index.php?rest_route=\/wp\/v2\/product\/1307\/revisions"}],"predecessor-version":[{"id":1431,"href":"https:\/\/www.harpune.at\/index.php?rest_route=\/wp\/v2\/product\/1307\/revisions\/1431"}],"wp:featuredmedia":[{"embeddable":true,"href":"https:\/\/www.harpune.at\/index.php?rest_route=\/wp\/v2\/media\/837"}],"wp:attachment":[{"href":"https:\/\/www.harpune.at\/index.php?rest_route=%2Fwp%2Fv2%2Fmedia&parent=1307"}],"curies":[{"name":"wp","href":"https:\/\/api.w.org\/{rel}","templated":true}]}}