{"id":1170,"date":"2021-04-21T20:10:51","date_gmt":"2021-04-21T18:10:51","guid":{"rendered":"https:\/\/www.harpune.at\/?post_type=product&#038;p=1170"},"modified":"2021-05-05T15:59:51","modified_gmt":"2021-05-05T13:59:51","slug":"tal-r-paris","status":"publish","type":"product","link":"https:\/\/www.harpune.at\/?product=tal-r-paris","title":{"rendered":"TAL R <br>PARIS:"},"content":{"rendered":"<p><em>PARIS is an exhibition<\/em><br \/>\n<em>PARIS is an index<\/em><br \/>\n<em>PARIS is a merry-go-round<\/em><br \/>\n<em>PARIS is a formula<\/em><br \/>\n<em>PARIS is a language<\/em><\/p>\n<p><em>Tal R\u2019s linocut edition is a real eye-catcher: The 83 original graphics are printed in countless shades of blue on semi-transparent washi paper. The sheets have a total length of more than 25 meters altogether \u2013 they are an entire exhibition, a huge room in blue, the whole Tal R universe in one box! With :PARIS, Tal R traverses his oeuvre: the keyhole, the flag, the volcano and the \u00bbAltstadt Girl\u00ab stand along- side new ornamental and schematic elements from the current painting series \u00bb:this is not Detroit\u00ab* and \u00bbPink road through forest\u00ab**. The edition functions like an index, like a merry-go-round that connects the images of the past with those of the future. In :PARIS the title is present on almost every sheet of paper, leading the viewer through the imaginary city like a recurrent graffito. The subjects of the prints reveal as many variations as there are expectations, visions and desires connected to this word, this city, this idea :PARIS Painting and drawing, according to Tal R, always come from the outside world, separated only by a colon \u2013 a colon signifies that something comes after it. Painting always revolves around something that is about to happen \u2013 there is a : and then the painting comes. Thus the colon becomes a magical mirror, through which the world becomes pictures and pictures become language. This edition unfolds the whole alphabet of Tal R \u2013 whose works are often situated around the fine line between text and image. Just as alphabetic characters were once created out of images, he creates images from characters here. :PARIS is the new Tal R edition by Harpune.<\/em><\/p>\n<p><em>Specifications:<\/em><\/p>\n<p><em>83 linocuts printed by hand<\/em><br \/>\n<em>in various shades of blue<\/em><br \/>\n<em>on 48g Washi paper<\/em><br \/>\n<em>paper format 41,5 x 30,8 cm (ca.16,3 x 12,1 inch)<\/em><br \/>\n<em>plate format ranging from 12 x 9cm to 30 x 21cm (4,7 x 3,5 to 11,8 x 8,3 in.)<\/em><br \/>\n<em>edition of 18 + 2 A.P numbered and signed<\/em><\/p>\n<p><em>each edition has its unique range of different shades of blue<\/em><br \/>\n<em>in a silk screen printed archival box<\/em><br \/>\n<em>*shown in May 2018 at the Museum of Contemporary Art Detroit (MOCAD)<\/em><br \/>\n<em>**Tal R, \u00bbPink road through forest\u00ab, 3\/12 &#8211; 4\/27\/2019 at VNH Gallery, Paris.<\/em><\/p>\n<p>_________________________________________________________________<\/p>\n<p>&nbsp;<\/p>\n<p>PARIS: ist eine Ausstellung<br \/>\nPARIS: ist ein Index<br \/>\nPARIS: ist ein Karussell<br \/>\nPARIS: ist eine Formel<br \/>\nPARIS: ist eine Sprache<\/p>\n<p>Die neue Linolschnittedition PARIS: von Tal R begeistert auf den ersten Blick:<br \/>\nDie 83 Originalgrafiken sind in unz\u00e4hligen Blaut\u00f6nen auf halbtransparentes Japanpapier gedruckt. Aneinandergereiht haben die Bl\u00e4tter eine L\u00e4nge von mehr als 25 Metern \u2013 sie sind eine gesamte Ausstellung, ein riesiger Raum in Blau, das ganze Tal R-Universum in einer Box!<br \/>\nMit PARIS: wandert Tal R durch sein Werk: Das Schl\u00fcsselloch, die Flagge, der Vulkan und das Altstadt Girl, stehen neben neuen ornamentalen und formelhaften Elementen aus den aktuellen Bildserien \u00bb:this is not Detroit\u00ab* und \u00bbPink road through forest\u00ab**. Die Edition funktioniert wie ein Index, wie ein Karussell, das die Motive der Vergangenheit mit denen der Zukunft verbindet. In PARIS: ist der Titel auf fast jedem Blatt pr\u00e4sent und f\u00fchrt den Betrachter durch die imagin\u00e4re Stadt wie ein immer wieder auftauchendes Graffito. Die Motive der Drucke zeigen so viele Variationen, wie es Erwartungen, Bilder und Sehns\u00fcchte zu diesem Wort, dieser Stadt, dieser Idee PARIS: gibt.<br \/>\nMalerei und Zeichnung, sagt Tal R, kommen immer aus der Au\u00dfenwelt, es ist nur ein Doppelpunkt dazwischen \u2013 ein Doppelpunkt bedeutet, da\u00df gleich etwas folgt. In der Malerei geht es immer darum, da\u00df gerade etwas im Begriff ist zu passieren \u2013 es kommt ein : und dann kommt das Bild.<br \/>\nSo wird der Doppelpunkt zu einem magischen Spiegel durch den die Welt zu Bildern wird und die Bilder zur Sprache. In dieser Edition entfaltet sich das ganze Alphabet von Tal R, der sich in seinen Arbeiten oft auf dem schmalen Grat zwischen Schrift und Bild bewegt. So wie die Buchstaben einmal aus Bildern entstanden sind, l\u00e4sst er hier Bilder aus Zeichen entstehen.<br \/>\nPARIS: ist die neue Edition von Tal R bei Harpune.<\/p>\n<p>Spezifikationen:<\/p>\n<p>83 Linolschnitte von Hand gedruckt<br \/>\nin verschiedenen Blaut\u00f6nen<br \/>\nauf 48 g Washi-Papier<br \/>\nPapierformat 41,5 x 30,8 cm<br \/>\nPlattenformat von 12 x 9 cm bis 30 x 21 cm<br \/>\nin einer Auflage von 18 Expl. + 2 A.P.. nummeriert und signiert<\/p>\n<p id=\"tw-target-text\" class=\"tw-data-text tw-text-large XcVN5d tw-ta\" dir=\"ltr\" data-placeholder=\"\u00dcbersetzung\"><span class=\"Y2IQFc\" lang=\"de\">Jede Mappe hat eine einzigartige Zusammenstellung an verschiedenen Blaut\u00f6nen,<br \/>\nverpackt in einer siebgedruckten Archivbox.<\/span><\/p>\n<p>*gezeigt im Mai 2018 im Museum of Contemporary Art Detroit (MOCAD)<\/p>\n<p>**Tal R, \u00bbPink road through forest\u00ab, von 12. Ma\u0308rz &#8211; 27. April 2019 in der VNH Gallery, Paris<\/p>\n<p>&nbsp;<\/p>\n<p>&nbsp;<\/p>\n","protected":false},"excerpt":{"rendered":"<p>ARTIST BOOK &#8211; 83 original Linocuts by Tal R<\/p>\n","protected":false},"featured_media":831,"template":"","meta":[],"class_list":{"0":"post-1170","1":"product","2":"type-product","3":"status-publish","4":"has-post-thumbnail","6":"product_cat-editions","7":"product_cat-tal-r-artists","8":"product_tag-tal-r","9":"product_shipping_class-heavy","11":"first","12":"instock","13":"taxable","14":"shipping-taxable","15":"product-type-simple"},"_links":{"self":[{"href":"https:\/\/www.harpune.at\/index.php?rest_route=\/wp\/v2\/product\/1170","targetHints":{"allow":["GET"]}}],"collection":[{"href":"https:\/\/www.harpune.at\/index.php?rest_route=\/wp\/v2\/product"}],"about":[{"href":"https:\/\/www.harpune.at\/index.php?rest_route=\/wp\/v2\/types\/product"}],"version-history":[{"count":8,"href":"https:\/\/www.harpune.at\/index.php?rest_route=\/wp\/v2\/product\/1170\/revisions"}],"predecessor-version":[{"id":1404,"href":"https:\/\/www.harpune.at\/index.php?rest_route=\/wp\/v2\/product\/1170\/revisions\/1404"}],"wp:featuredmedia":[{"embeddable":true,"href":"https:\/\/www.harpune.at\/index.php?rest_route=\/wp\/v2\/media\/831"}],"wp:attachment":[{"href":"https:\/\/www.harpune.at\/index.php?rest_route=%2Fwp%2Fv2%2Fmedia&parent=1170"}],"curies":[{"name":"wp","href":"https:\/\/api.w.org\/{rel}","templated":true}]}}