{"id":1166,"date":"2021-04-21T20:03:58","date_gmt":"2021-04-21T18:03:58","guid":{"rendered":"https:\/\/www.harpune.at\/?post_type=product&#038;p=1166"},"modified":"2025-03-11T19:25:14","modified_gmt":"2025-03-11T18:25:14","slug":"tal-r-turtle-waltz","status":"publish","type":"product","link":"https:\/\/www.harpune.at\/?product=tal-r-turtle-waltz","title":{"rendered":"TAL R <br>Turtle Waltz"},"content":{"rendered":"<p><em>18 two-coloured and 6 single-coloured linocuts,<\/em><br \/>\n<em>Printed from the verso of the linoplates on Zerkall B\u00fctten 250g,<\/em><\/p>\n<p><em>Format 33,4 cm x 23 \/ 13.1 x 9 inch<\/em><br \/>\n<em>Plates 29,7 x 21 cm \/ 11.7 x 8.3 inch<\/em><\/p>\n<p><em>24 pages<\/em><br \/>\n<em>loose leaf edition in a book cover bound in gauze <\/em><br \/>\n<em>edition of 30 <\/em><br \/>\n<em>signed and numbered 1 \u2013 30<\/em><\/p>\n<p><em>The suite contains all prints on 210g Zerkall B\u00fctten <\/em><br \/>\n<em>Format 41 x 31 cm \/ 16.1 x 12.2 inch<\/em><br \/>\n<em>Plates 29,7 x 21 cm \/ 11.7 x 8.3 inch<\/em><br \/>\n<em>edition of 8, signed and numbered I \u2013 VIII<\/em><\/p>\n<p><em>\u00bbFor Turtle Waltz the linoleum plates were cut from the back and are also printed from this side \u2013 in two colors from two plates each \u2013 which makes the weave structure of the carrier fibers visible in the print. This is a twofold violation of the traditional procedure for linocuts, which leads to completely new appearances that make it very difficult, if not impossible, to retrace the technique used.\u00ab <\/em><br \/>\n<em>Margrit Brehm, \u00bbThe Moons of Art. The Artist\u2018s Books\u00ab, in ACADEMY OF TAL R, Louisiana Museum, 2017, page 159<\/em><\/p>\n<p>_________________________________________________________________<\/p>\n<p>&nbsp;<\/p>\n<p>18 zweifarbige Linolschnitte und 6 einfarbige Linoldrucke gedruckt auf Zerkall B\u00fctten 250g<br \/>\nFormat 23 x 34 cm<br \/>\nPlattengr\u00f6\u00dfe 29,7 x 21 cm<br \/>\n24 Seiten<br \/>\nLoseblatt, gefaltet in einem in Buchbindergaze gebundenen Cover<\/p>\n<p>Edition von 30, nummeriert und signiert<\/p>\n<p>zus\u00e4tzlich erscheint eine Edition von 8 r\u00f6misch nummerierten und signierten Exemplaren mit der signierten Suite von allen Linolschnitten<br \/>\ngedruckt auf Zerkall B\u00fctten 210g im Format 41 x 31 cm<\/p>\n<p>\u00bbF\u00fcr Turtle Waltz wurden die Linoleumplatten von der R\u00fcckseite geschnitten und werden auch von dieser \u2013 zweifarbig von je zwei Platten \u2013 gedruckt, wodurch die Webstruktur der Tr\u00e4gerfasern im Abzug sichtbar wird. Der doppelte Versto\u00df gegen das tradierte Verfahren des Linolschnitts f\u00fchrt zu v\u00f6llig neuen Erscheinungsweisen, die kaum noch R\u00fcckschl\u00fcsse auf die angewandte Technik erm\u00f6glichen.<br \/>\nMargrit Brehm, \u00bbThe Moons of Art. The Artist\u2018s Books\u00ab, in ACADEMY OF TAL R, Louisiana Museum, 2017, S. 159<\/p>\n","protected":false},"excerpt":{"rendered":"<p>ARTIST BOOK<\/p>\n","protected":false},"featured_media":1168,"template":"","meta":[],"class_list":{"0":"post-1166","1":"product","2":"type-product","3":"status-publish","4":"has-post-thumbnail","6":"product_cat-editions","7":"product_cat-tal-r-artists","8":"product_tag-tal-r","9":"product_shipping_class-heavy","11":"first","12":"instock","13":"taxable","14":"shipping-taxable","15":"product-type-simple"},"_links":{"self":[{"href":"https:\/\/www.harpune.at\/index.php?rest_route=\/wp\/v2\/product\/1166","targetHints":{"allow":["GET"]}}],"collection":[{"href":"https:\/\/www.harpune.at\/index.php?rest_route=\/wp\/v2\/product"}],"about":[{"href":"https:\/\/www.harpune.at\/index.php?rest_route=\/wp\/v2\/types\/product"}],"version-history":[{"count":3,"href":"https:\/\/www.harpune.at\/index.php?rest_route=\/wp\/v2\/product\/1166\/revisions"}],"predecessor-version":[{"id":2122,"href":"https:\/\/www.harpune.at\/index.php?rest_route=\/wp\/v2\/product\/1166\/revisions\/2122"}],"wp:featuredmedia":[{"embeddable":true,"href":"https:\/\/www.harpune.at\/index.php?rest_route=\/wp\/v2\/media\/1168"}],"wp:attachment":[{"href":"https:\/\/www.harpune.at\/index.php?rest_route=%2Fwp%2Fv2%2Fmedia&parent=1166"}],"curies":[{"name":"wp","href":"https:\/\/api.w.org\/{rel}","templated":true}]}}