{"id":704,"date":"2021-04-10T13:11:38","date_gmt":"2021-04-10T11:11:38","guid":{"rendered":"https:\/\/www.harpune.at\/neu\/?page_id=704"},"modified":"2022-04-23T13:06:19","modified_gmt":"2022-04-23T11:06:19","slug":"shipping-methods","status":"publish","type":"page","link":"https:\/\/www.harpune.at\/?page_id=704","title":{"rendered":"Versand\/ Shipping"},"content":{"rendered":"\t\t<div data-elementor-type=\"wp-page\" data-elementor-id=\"704\" class=\"elementor elementor-704\" data-elementor-settings=\"[]\">\n\t\t\t\t\t\t\t<div class=\"elementor-section-wrap\">\n\t\t\t\t\t\t\t<section class=\"elementor-section elementor-top-section elementor-element elementor-element-74f8d02 elementor-section-boxed elementor-section-height-default elementor-section-height-default\" data-id=\"74f8d02\" data-element_type=\"section\">\r\n\t\t\t\r\n\t\t\t\t\t\t\t\t\t<div class=\"elementor-container elementor-column-gap-default\">\r\n\t\t\t\t\t\t\t\t\t\t\t<div class=\"elementor-column elementor-col-100 elementor-top-column elementor-element elementor-element-484efa2\" data-id=\"484efa2\" data-element_type=\"column\">\r\n\r\n\t\t\t\t\t<div class=\"elementor-widget-wrap elementor-element-populated\">\r\n\t\t\t\t\t\t\t\t<div class=\"elementor-element elementor-element-b8384cb elementor-widget elementor-widget-text-editor\" data-id=\"b8384cb\" data-element_type=\"widget\" data-widget_type=\"text-editor.default\">\n\t\t\t\t<div class=\"elementor-widget-container\">\n\t\t\t\t\t\t\t\t<h4>VERSAND\/SHIPPING<\/h4><table border=\"0\" frame=\"VOID\" rules=\"NONE\" cellspacing=\"0\"><colgroup> <col width=\"269\" \/> <col width=\"97\" \/> <col width=\"97\" \/> <col width=\"97\" \/> <col width=\"97\" \/> <col width=\"97\" \/> <col width=\"97\" \/> <col width=\"97\" \/> <col width=\"190\" \/> <col width=\"209\" \/><\/colgroup><tbody><tr><td align=\"RIGHT\" width=\"269\" height=\"222\">\u00a0<\/td><td align=\"RIGHT\" width=\"97\"><b>Zone 1: \u00d6sterreich<\/b><\/td><td align=\"RIGHT\" width=\"97\"><b>Zone 2: Deutschland<\/b><\/td><td align=\"RIGHT\" width=\"97\"><b>Zone 3: Belgien, Niederlande, Luxemburg, Tsch. Republik<\/b><\/td><td align=\"RIGHT\" width=\"97\"><b>Zone 4: Frankreich, D\u00e4nemark, Polen, Slowakei, Italien, Slowenien, Ungarn, Kroatien<\/b><\/td><td align=\"RIGHT\" width=\"97\"><b>Zone 5: Spanien, Portugal, Rum\u00e4nien, Bulgarien, Schweden, Finnland, Estland, Litauen, Lettland, Irland, Griechenland<\/b><\/td><td align=\"RIGHT\" width=\"97\"><b>Zone 6: Schweiz, Lichtenstein<\/b><\/td><td align=\"RIGHT\" width=\"97\"><b>Zone 7: Norwegen, Gro\u00dfbritannien<\/b><\/td><td align=\"RIGHT\" width=\"190\"><p><b>Zone 8:<\/b><\/p><p><b> USA, Canada<\/b><\/p><\/td><td align=\"RIGHT\" width=\"209\"><p><b>Zone 9:<\/b><\/p><p><b> Japan, China, S\u00fcdkorea<\/b><\/p><\/td><\/tr><tr><td align=\"RIGHT\" height=\"19\">Versandpauschale Klasse 1 leicht\/light<\/td><td align=\"RIGHT\">8 \u20ac<\/td><td align=\"RIGHT\">11 \u20ac<\/td><td align=\"RIGHT\">12 \u20ac<\/td><td align=\"RIGHT\">14 \u20ac<\/td><td align=\"RIGHT\">18 \u20ac<\/td><td align=\"RIGHT\">18 \u20ac<\/td><td align=\"RIGHT\">22 \u20ac<\/td><td align=\"RIGHT\">27 \u20ac<\/td><td align=\"RIGHT\">50 \u20ac<\/td><\/tr><tr><td align=\"RIGHT\" height=\"36\">Versandpauschale Klasse 2 schwer\/heavy<\/td><td align=\"RIGHT\">10 \u20ac<\/td><td align=\"RIGHT\">14 \u20ac<\/td><td align=\"RIGHT\">17 \u20ac<\/td><td align=\"RIGHT\">19 \u20ac<\/td><td align=\"RIGHT\">23 \u20ac<\/td><td align=\"RIGHT\">23 \u20ac<\/td><td align=\"RIGHT\">27 \u20ac<\/td><td align=\"RIGHT\">34 \u20ac<\/td><td align=\"RIGHT\">100 \u20ac<\/td><\/tr><tr><td align=\"RIGHT\" height=\"19\">\u00a0<\/td><td align=\"RIGHT\">\u00a0<\/td><td align=\"RIGHT\">\u00a0<\/td><td align=\"RIGHT\">\u00a0<\/td><td align=\"RIGHT\">\u00a0<\/td><td align=\"RIGHT\">\u00a0<\/td><td align=\"RIGHT\">\u00a0<\/td><td align=\"RIGHT\">\u00a0<\/td><td align=\"RIGHT\">\u00a0<\/td><td align=\"RIGHT\">\u00a0<\/td><\/tr><tr><td align=\"RIGHT\" height=\"19\">Versandpauschale Edition klein\/small*<\/td><td align=\"RIGHT\">54 \u20ac<\/td><td align=\"RIGHT\">56 \u20ac<\/td><td align=\"RIGHT\">60 \u20ac<\/td><td align=\"RIGHT\">62 \u20ac<\/td><td align=\"RIGHT\">66 \u20ac<\/td><td align=\"RIGHT\">66 \u20ac<\/td><td align=\"RIGHT\">75 \u20ac<\/td><td align=\"RIGHT\">174 \u20ac<\/td><td align=\"RIGHT\">270 \u20ac<\/td><\/tr><tr><td align=\"RIGHT\" height=\"19\">Versandpauschale Edition Gro\u00df\/big*<\/td><td align=\"RIGHT\">57 \u20ac<\/td><td align=\"RIGHT\">61 \u20ac<\/td><td align=\"RIGHT\">62 \u20ac<\/td><td align=\"RIGHT\">64 \u20ac<\/td><td align=\"RIGHT\">68 \u20ac<\/td><td align=\"RIGHT\">68 \u20ac<\/td><td align=\"RIGHT\">83 \u20ac<\/td><td align=\"RIGHT\">225 \u20ac<\/td><td align=\"RIGHT\">370 \u20ac<\/td><\/tr><tr><td align=\"RIGHT\" height=\"19\">\u00a0<\/td><td align=\"RIGHT\">\u00a0<\/td><td align=\"RIGHT\">\u00a0<\/td><td align=\"RIGHT\">\u00a0<\/td><td align=\"RIGHT\">\u00a0<\/td><td align=\"RIGHT\">\u00a0<\/td><td align=\"RIGHT\">\u00a0<\/td><td align=\"RIGHT\">\u00a0<\/td><td align=\"RIGHT\">\u00a0<\/td><td align=\"RIGHT\">\u00a0<\/td><\/tr><tr><td align=\"RIGHT\" height=\"19\">\u00a0<\/td><td align=\"RIGHT\">\u00a0<\/td><td align=\"RIGHT\">\u00a0<\/td><td align=\"RIGHT\">\u00a0<\/td><td align=\"RIGHT\">\u00a0<\/td><td align=\"RIGHT\">\u00a0<\/td><td align=\"RIGHT\">\u00a0<\/td><td align=\"RIGHT\">\u00a0<\/td><td align=\"RIGHT\">\u00a0<\/td><td align=\"RIGHT\">\u00a0<\/td><\/tr><tr><td align=\"RIGHT\" height=\"19\">\u00a0<\/td><td align=\"RIGHT\">\u00a0<\/td><td align=\"RIGHT\">\u00a0<\/td><td align=\"RIGHT\">\u00a0<\/td><td align=\"RIGHT\">\u00a0<\/td><td align=\"RIGHT\">\u00a0<\/td><td align=\"RIGHT\">\u00a0<\/td><td align=\"RIGHT\">\u00a0<\/td><td align=\"RIGHT\">\u00a0<\/td><td align=\"RIGHT\">\u00a0<\/td><\/tr><tr><td align=\"RIGHT\" height=\"18\">\u00a0<\/td><td align=\"RIGHT\">\u00a0<\/td><td align=\"RIGHT\">\u00a0<\/td><td align=\"RIGHT\">\u00a0<\/td><td align=\"RIGHT\">\u00a0<\/td><td align=\"RIGHT\">\u00a0<\/td><td align=\"RIGHT\">\u00a0<\/td><td align=\"RIGHT\">\u00a0<\/td><td align=\"RIGHT\">\u00a0<\/td><td align=\"RIGHT\">\u00a0<\/td><\/tr><tr><td align=\"RIGHT\" height=\"18\">\u00a0<\/td><td align=\"RIGHT\">\u00a0<\/td><td align=\"RIGHT\">\u00a0<\/td><td align=\"RIGHT\">\u00a0<\/td><td align=\"RIGHT\">\u00a0<\/td><td align=\"RIGHT\">\u00a0<\/td><td align=\"RIGHT\">\u00a0<\/td><td align=\"RIGHT\">\u00a0<\/td><td align=\"RIGHT\">\u00a0<\/td><td align=\"RIGHT\">\u00a0<\/td><\/tr><tr><td align=\"RIGHT\" height=\"18\">\u00a0<\/td><td align=\"RIGHT\">\u00a0<\/td><td align=\"RIGHT\">\u00a0<\/td><td align=\"RIGHT\">\u00a0<\/td><td align=\"RIGHT\">\u00a0<\/td><td align=\"RIGHT\">\u00a0<\/td><td align=\"RIGHT\">\u00a0<\/td><td align=\"RIGHT\">\u00a0<\/td><td align=\"RIGHT\">\u00a0<\/td><td align=\"RIGHT\">\u00a0<\/td><\/tr><tr><td align=\"RIGHT\" height=\"18\">*Versicherter Versand \/ Insured shipping<\/td><td align=\"RIGHT\">\u00a0<\/td><td align=\"RIGHT\">\u00a0<\/td><td align=\"RIGHT\">\u00a0<\/td><td align=\"RIGHT\">\u00a0<\/td><td align=\"RIGHT\">\u00a0<\/td><td align=\"RIGHT\">\u00a0<\/td><td align=\"RIGHT\">\u00a0<\/td><td align=\"RIGHT\">\u00a0<\/td><td align=\"RIGHT\">\u00a0<\/td><\/tr><\/tbody><\/table>\t\t\t\t\t\t<\/div>\n\t\t\t\t<\/div>\n\t\t\t\t\t<\/div>\r\n\t\t\t\t<\/div>\r\n\t\t\t\t\t\t<\/div>\r\n\t\t\t\t<\/section>\r\n\t\t\t\t\t\t<\/div>\n\t\t\t\t\t<\/div>\n\t\t","protected":false},"excerpt":{"rendered":"<p>VERSAND\/SHIPPING \u00a0 Zone 1: \u00d6sterreich Zone 2: Deutschland Zone 3: Belgien, Niederlande, Luxemburg, Tsch. Republik Zone 4: Frankreich, D\u00e4nemark, Polen, Slowakei, Italien, Slowenien, Ungarn, Kroatien Zone 5: Spanien, Portugal, Rum\u00e4nien, Bulgarien, Schweden, Finnland, Estland, Litauen, Lettland, Irland, Griechenland Zone 6: Schweiz, Lichtenstein Zone 7: Norwegen, Gro\u00dfbritannien Zone 8: USA, Canada Zone 9: Japan, China, S\u00fcdkorea [&hellip;]<\/p>\n","protected":false},"author":1,"featured_media":0,"parent":0,"menu_order":0,"comment_status":"closed","ping_status":"closed","template":"","meta":{"footnotes":""},"class_list":["post-704","page","type-page","status-publish","hentry"],"_links":{"self":[{"href":"https:\/\/www.harpune.at\/index.php?rest_route=\/wp\/v2\/pages\/704","targetHints":{"allow":["GET"]}}],"collection":[{"href":"https:\/\/www.harpune.at\/index.php?rest_route=\/wp\/v2\/pages"}],"about":[{"href":"https:\/\/www.harpune.at\/index.php?rest_route=\/wp\/v2\/types\/page"}],"author":[{"embeddable":true,"href":"https:\/\/www.harpune.at\/index.php?rest_route=\/wp\/v2\/users\/1"}],"replies":[{"embeddable":true,"href":"https:\/\/www.harpune.at\/index.php?rest_route=%2Fwp%2Fv2%2Fcomments&post=704"}],"version-history":[{"count":19,"href":"https:\/\/www.harpune.at\/index.php?rest_route=\/wp\/v2\/pages\/704\/revisions"}],"predecessor-version":[{"id":1910,"href":"https:\/\/www.harpune.at\/index.php?rest_route=\/wp\/v2\/pages\/704\/revisions\/1910"}],"wp:attachment":[{"href":"https:\/\/www.harpune.at\/index.php?rest_route=%2Fwp%2Fv2%2Fmedia&parent=704"}],"curies":[{"name":"wp","href":"https:\/\/api.w.org\/{rel}","templated":true}]}}