{"id":703,"date":"2021-04-10T13:11:38","date_gmt":"2021-04-10T11:11:38","guid":{"rendered":"https:\/\/www.harpune.at\/neu\/?page_id=703"},"modified":"2023-04-30T18:10:06","modified_gmt":"2023-04-30T16:10:06","slug":"revocation","status":"publish","type":"page","link":"https:\/\/www.harpune.at\/?page_id=703","title":{"rendered":"Wiederruf \/ Cancellation Policy"},"content":{"rendered":"\t\t<div data-elementor-type=\"wp-page\" data-elementor-id=\"703\" class=\"elementor elementor-703\" data-elementor-settings=\"[]\">\n\t\t\t\t\t\t\t<div class=\"elementor-section-wrap\">\n\t\t\t\t\t\t\t<section class=\"elementor-section elementor-top-section elementor-element elementor-element-22521b1 elementor-section-boxed elementor-section-height-default elementor-section-height-default\" data-id=\"22521b1\" data-element_type=\"section\">\r\n\t\t\t\r\n\t\t\t\t\t\t\t\t\t<div class=\"elementor-container elementor-column-gap-default\">\r\n\t\t\t\t\t\t\t\t\t\t\t<div class=\"elementor-column elementor-col-100 elementor-top-column elementor-element elementor-element-6931c08\" data-id=\"6931c08\" data-element_type=\"column\">\r\n\r\n\t\t\t\t\t<div class=\"elementor-widget-wrap elementor-element-populated\">\r\n\t\t\t\t\t\t\t\t<section class=\"elementor-section elementor-inner-section elementor-element elementor-element-8db7ca2 elementor-section-boxed elementor-section-height-default elementor-section-height-default\" data-id=\"8db7ca2\" data-element_type=\"section\">\r\n\t\t\t\r\n\t\t\t\t\t\t\t\t\t<div class=\"elementor-container elementor-column-gap-default\">\r\n\t\t\t\t\t\t\t\t\t\t\t<div class=\"elementor-column elementor-col-50 elementor-inner-column elementor-element elementor-element-6d61c48\" data-id=\"6d61c48\" data-element_type=\"column\">\r\n\r\n\t\t\t\t\t<div class=\"elementor-widget-wrap elementor-element-populated\">\r\n\t\t\t\t\t\t\t\t<div class=\"elementor-element elementor-element-d141234 elementor-widget elementor-widget-text-editor\" data-id=\"d141234\" data-element_type=\"widget\" data-widget_type=\"text-editor.default\">\n\t\t\t\t<div class=\"elementor-widget-container\">\n\t\t\t\t\t\t\t\t<h4>R\u00dcCKTRITTS- UND WIEDERRUFSRECHT<\/h4><p>Auszug aus den AGB:<\/p><h4>3. R\u00fccktritts- und Widerrufsrecht\/ Cancellation Policy<\/h4><h4>des Verbrauchers gem\u00e4\u00df \u00a7 11 FAGG<\/h4><p>3.1. Der Kunde, der Verbraucher im Sinne des Konsumentenschutzgesetzes (KSchG) ist, kann von einem au\u00dferhalb der Gesch\u00e4ftsr\u00e4ume der Harpune geschlossenen Vertrag oder von einem Fernabsatzvertrag \u2013 so keine gesetzliche Ausnahmeregelung greift \u2013 innerhalb von 14 Werktagen zur\u00fccktreten.<\/p><p>3.2. Die R\u00fccktrittsfrist betr\u00e4gt 14 Kalendertage. Sie beginnt bei Vertr\u00e4gen \u00fcber die Lieferung von Waren mit dem Tag, an dem der Kunde oder ein von ihm benannter Dritter, der nicht der Bef\u00f6rderer ist, die Waren in Besitz genommen hat. Im Fall eines Vertrages \u00fcber mehrere Waren, die in einer einheitlichen Bestellung bestellt und getrennt geliefert werden, ab dem Tag, an dem der Kunde oder ein von ihm benannter Dritter, der nicht der Bef\u00f6rderer ist, die letzte Ware in Besitz genommen hat. Es gen\u00fcgt, wenn der Kunde die R\u00fccktrittserkl\u00e4rung innerhalb der Frist abgesendet hat.<\/p><p>3.3. Die R\u00fccktrittserkl\u00e4rung kann mittels Muster-Widerrufsformular, welches <a href=\"http:\/\/www.harpune.at\/wiederruf.doc\"><span style=\"text-decoration: underline\"><span style=\"color: #ff00ff;text-decoration: underline\">HIER<\/span><\/span><\/a> abrufbar ist, per Post oder auch elektronisch erfolgen.<\/p><p>3.4. Das R\u00fccktrittsrecht besteht nicht bei jenen Waren, die nach Kundenspezifikationen angefertigt werden, die eindeutig auf die pers\u00f6nlichen Bed\u00fcrfnisse zugeschnitten sind, die aufgrund ihrer Beschaffenheit nicht f\u00fcr eine R\u00fccksendung geeignet sind, die schnell verderben k\u00f6nnen oder deren Verfallsdatum \u00fcberschritten wurde (\u00a7 18 Abs 1 FAGG).<\/p><p>3.5. Tritt der Kunde vom Vertrag zur\u00fcck, so hat Zug um Zug <br \/>a. die Harpune die vom Kunden geleisteten Zahlungen einschlie\u00dflich der Lieferkosten (mit Ausnahme der zus\u00e4tzlichen Kosten, die sich daraus ergeben, dass der Kunde eine andere Art der Lieferung als die von Harpune angebotene, g\u00fcnstige Standardlieferung gew\u00e4hlt hat) zu erstatten und den vom Kunden auf die Sache gemachten notwendigen und n\u00fctzlichen Aufwand zu ersetzen sowie<br \/>b. der Kunde die empfangene Ware zur\u00fcckzustellen und Harpune ein angemessenes Entgelt f\u00fcr die Ben\u00fctzung, einschlie\u00dflich einer Entsch\u00e4digung f\u00fcr eine damit verbundene Minderung des gemeinen Wertes der Ware zu zahlen.<br \/>c. Der Kunde hat die unmittelbaren Kosten der R\u00fccksendung selbst zu tragen.<\/p><p>3.4. Ist der Kunde Unternehmer, so ist ein Widerruf g\u00e4nzlich ausgeschlossen.<\/p>\t\t\t\t\t\t<\/div>\n\t\t\t\t<\/div>\n\t\t\t\t\t<\/div>\r\n\t\t\t\t<\/div>\r\n\t\t\t\t<div class=\"elementor-column elementor-col-50 elementor-inner-column elementor-element elementor-element-ef59701\" data-id=\"ef59701\" data-element_type=\"column\">\r\n\r\n\t\t\t\t\t<div class=\"elementor-widget-wrap elementor-element-populated\">\r\n\t\t\t\t\t\t\t\t<div class=\"elementor-element elementor-element-bab2b00 elementor-widget elementor-widget-text-editor\" data-id=\"bab2b00\" data-element_type=\"widget\" data-widget_type=\"text-editor.default\">\n\t\t\t\t<div class=\"elementor-widget-container\">\n\t\t\t\t\t\t\t\t<p><span style=\"color: #ffffff\">Lorem ipsum dolor sit amet, consectetur adipiscing elit. Ut elit tellus, luctus nec ullamcorper mattis, pulvinar dapibus leo.<\/span><\/p>\t\t\t\t\t\t<\/div>\n\t\t\t\t<\/div>\n\t\t\t\t\t<\/div>\r\n\t\t\t\t<\/div>\r\n\t\t\t\t\t\t<\/div>\r\n\t\t\t\t<\/section>\r\n\t\t\t\t\t<\/div>\r\n\t\t\t\t<\/div>\r\n\t\t\t\t\t\t<\/div>\r\n\t\t\t\t<\/section>\r\n\t\t\t\t\t\t<\/div>\n\t\t\t\t\t<\/div>\n\t\t","protected":false},"excerpt":{"rendered":"<p>R\u00dcCKTRITTS- UND WIEDERRUFSRECHT Auszug aus den AGB: 3. R\u00fccktritts- und Widerrufsrecht\/ Cancellation Policy des Verbrauchers gem\u00e4\u00df \u00a7 11 FAGG 3.1. Der Kunde, der Verbraucher im Sinne des Konsumentenschutzgesetzes (KSchG) ist, kann von einem au\u00dferhalb der Gesch\u00e4ftsr\u00e4ume der Harpune geschlossenen Vertrag oder von einem Fernabsatzvertrag \u2013 so keine gesetzliche Ausnahmeregelung greift \u2013 innerhalb von 14 Werktagen [&hellip;]<\/p>\n","protected":false},"author":1,"featured_media":0,"parent":0,"menu_order":0,"comment_status":"closed","ping_status":"closed","template":"","meta":{"footnotes":""},"class_list":["post-703","page","type-page","status-publish","hentry"],"_links":{"self":[{"href":"https:\/\/www.harpune.at\/index.php?rest_route=\/wp\/v2\/pages\/703","targetHints":{"allow":["GET"]}}],"collection":[{"href":"https:\/\/www.harpune.at\/index.php?rest_route=\/wp\/v2\/pages"}],"about":[{"href":"https:\/\/www.harpune.at\/index.php?rest_route=\/wp\/v2\/types\/page"}],"author":[{"embeddable":true,"href":"https:\/\/www.harpune.at\/index.php?rest_route=\/wp\/v2\/users\/1"}],"replies":[{"embeddable":true,"href":"https:\/\/www.harpune.at\/index.php?rest_route=%2Fwp%2Fv2%2Fcomments&post=703"}],"version-history":[{"count":22,"href":"https:\/\/www.harpune.at\/index.php?rest_route=\/wp\/v2\/pages\/703\/revisions"}],"predecessor-version":[{"id":1968,"href":"https:\/\/www.harpune.at\/index.php?rest_route=\/wp\/v2\/pages\/703\/revisions\/1968"}],"wp:attachment":[{"href":"https:\/\/www.harpune.at\/index.php?rest_route=%2Fwp%2Fv2%2Fmedia&parent=703"}],"curies":[{"name":"wp","href":"https:\/\/api.w.org\/{rel}","templated":true}]}}